{"id":6344,"date":"2023-12-30T21:38:21","date_gmt":"2023-12-30T18:38:21","guid":{"rendered":"https:\/\/yerchi.com.tr\/?page_id=6344"},"modified":"2023-12-30T21:39:09","modified_gmt":"2023-12-30T18:39:09","slug":"mali-tahlil-supervizorlugu","status":"publish","type":"page","link":"https:\/\/yerchi.com.tr\/index.php\/mali-tahlil-supervizorlugu\/","title":{"rendered":"Mali Tahlil S\u00fcperviz\u00f6rl\u00fc\u011f\u00fc"},"content":{"rendered":"[vc_row type=&#8221;in_container&#8221; full_screen_row_position=&#8221;middle&#8221; column_margin=&#8221;default&#8221; column_direction=&#8221;default&#8221; column_direction_tablet=&#8221;default&#8221; column_direction_phone=&#8221;default&#8221; scene_position=&#8221;center&#8221; text_color=&#8221;dark&#8221; text_align=&#8221;left&#8221; row_border_radius=&#8221;none&#8221; row_border_radius_applies=&#8221;bg&#8221; overflow=&#8221;visible&#8221; overlay_strength=&#8221;0.3&#8243; gradient_direction=&#8221;left_to_right&#8221; shape_divider_position=&#8221;bottom&#8221; bg_image_animation=&#8221;none&#8221;][vc_column column_padding=&#8221;no-extra-padding&#8221; column_padding_tablet=&#8221;inherit&#8221; column_padding_phone=&#8221;inherit&#8221; column_padding_position=&#8221;all&#8221; column_element_direction_desktop=&#8221;default&#8221; column_element_spacing=&#8221;default&#8221; desktop_text_alignment=&#8221;default&#8221; tablet_text_alignment=&#8221;default&#8221; phone_text_alignment=&#8221;default&#8221; background_color_opacity=&#8221;1&#8243; background_hover_color_opacity=&#8221;1&#8243; column_backdrop_filter=&#8221;none&#8221; column_shadow=&#8221;none&#8221; column_border_radius=&#8221;none&#8221; column_link_target=&#8221;_self&#8221; column_position=&#8221;default&#8221; gradient_direction=&#8221;left_to_right&#8221; overlay_strength=&#8221;0.3&#8243; width=&#8221;1\/1&#8243; tablet_width_inherit=&#8221;default&#8221; animation_type=&#8221;default&#8221; bg_image_animation=&#8221;none&#8221; border_type=&#8221;simple&#8221; column_border_width=&#8221;none&#8221; column_border_style=&#8221;solid&#8221;][vc_column_text]\n<p><br \/>\n[\/vc_column_text][\/vc_column][\/vc_row][vc_row type=&#8221;full_width_background&#8221; full_screen_row_position=&#8221;middle&#8221; column_margin=&#8221;default&#8221; column_direction=&#8221;default&#8221; column_direction_tablet=&#8221;default&#8221; column_direction_phone=&#8221;default&#8221; bg_color=&#8221;#ffffff&#8221; scene_position=&#8221;center&#8221; top_padding=&#8221;2%&#8221; bottom_padding=&#8221;4%&#8221; left_padding_desktop=&#8221;8%&#8221; constrain_group_2=&#8221;yes&#8221; right_padding_desktop=&#8221;8%&#8221; top_padding_tablet=&#8221;8%&#8221; constrain_group_3=&#8221;yes&#8221; bottom_padding_tablet=&#8221;8%&#8221; left_padding_phone=&#8221;0&#8243; constrain_group_6=&#8221;yes&#8221; right_padding_phone=&#8221;0&#8243; text_color=&#8221;dark&#8221; text_align=&#8221;left&#8221; row_border_radius=&#8221;none&#8221; row_border_radius_applies=&#8221;bg&#8221; overflow=&#8221;visible&#8221; overlay_strength=&#8221;0.3&#8243; gradient_direction=&#8221;left_to_right&#8221; shape_divider_position=&#8221;bottom&#8221; bg_image_animation=&#8221;none&#8221; shape_type=&#8221;&#8221;][vc_column column_padding=&#8221;no-extra-padding&#8221; column_padding_tablet=&#8221;inherit&#8221; column_padding_phone=&#8221;inherit&#8221; column_padding_position=&#8221;all&#8221; column_element_direction_desktop=&#8221;default&#8221; column_element_spacing=&#8221;default&#8221; desktop_text_alignment=&#8221;default&#8221; tablet_text_alignment=&#8221;default&#8221; phone_text_alignment=&#8221;default&#8221; background_color_opacity=&#8221;1&#8243; background_hover_color_opacity=&#8221;1&#8243; column_backdrop_filter=&#8221;none&#8221; column_shadow=&#8221;none&#8221; column_border_radius=&#8221;none&#8221; column_link_target=&#8221;_self&#8221; column_position=&#8221;default&#8221; gradient_direction=&#8221;left_to_right&#8221; overlay_strength=&#8221;0.3&#8243; width=&#8221;1\/1&#8243; tablet_width_inherit=&#8221;default&#8221; animation_type=&#8221;default&#8221; bg_image_animation=&#8221;none&#8221; border_type=&#8221;simple&#8221; column_border_width=&#8221;none&#8221; column_border_style=&#8221;solid&#8221;][vc_row_inner equal_height=&#8221;yes&#8221; content_placement=&#8221;middle&#8221; column_margin=&#8221;90px&#8221; column_direction=&#8221;default&#8221; column_direction_tablet=&#8221;column_reverse&#8221; column_direction_phone=&#8221;column_reverse&#8221; text_align=&#8221;left&#8221; row_position=&#8221;default&#8221; row_position_tablet=&#8221;inherit&#8221; row_position_phone=&#8221;inherit&#8221; overflow=&#8221;visible&#8221; pointer_events=&#8221;all&#8221;][vc_column_inner column_padding=&#8221;padding-4-percent&#8221; column_padding_tablet=&#8221;inherit&#8221; column_padding_phone=&#8221;no-extra-padding&#8221; column_padding_position=&#8221;all&#8221; top_margin=&#8221;6%&#8221; top_margin_tablet=&#8221;0&#8243; top_margin_phone=&#8221;4%&#8221; column_element_direction_desktop=&#8221;default&#8221; column_element_spacing=&#8221;default&#8221; desktop_text_alignment=&#8221;default&#8221; tablet_text_alignment=&#8221;default&#8221; phone_text_alignment=&#8221;default&#8221; background_color_opacity=&#8221;1&#8243; background_hover_color_opacity=&#8221;1&#8243; column_backdrop_filter=&#8221;none&#8221; column_shadow=&#8221;none&#8221; column_border_radius=&#8221;none&#8221; column_link_target=&#8221;_self&#8221; overflow=&#8221;visible&#8221; gradient_direction=&#8221;radial&#8221; overlay_strength=&#8221;0.3&#8243; width=&#8221;1\/2&#8243; tablet_width_inherit=&#8221;default&#8221; animation_type=&#8221;default&#8221; bg_image_animation=&#8221;none&#8221; parallax_bg=&#8221;true&#8221; parallax_bg_speed=&#8221;very_subtle&#8221; border_type=&#8221;simple&#8221; column_border_width=&#8221;none&#8221; column_border_style=&#8221;solid&#8221;][split_line_heading animation_type=&#8221;line-reveal-by-space&#8221; font_style=&#8221;h2&#8243; line_reveal_by_space_text_effect=&#8221;default&#8221; stagger_animation=&#8221;true&#8221; content_alignment=&#8221;default&#8221; mobile_content_alignment=&#8221;inherit&#8221; link_target=&#8221;_self&#8221; text_content=&#8221;Mali Tahlil S\u00fcperviz\u00f6rl\u00fc\u011f\u00fc&#8221; max_width=&#8221;550&#8243;][\/split_line_heading][vc_column_text max_width=&#8221;550&#8243;]&#8221;Mali Tahlil S\u00fcperviz\u00f6rl\u00fc\u011f\u00fc&#8221; terimi genellikle finans veya muhasebe departmanlar\u0131nda kullan\u0131lan bir ifadedir. Ancak genel bir terim oldu\u011fu i\u00e7in spesifik bir sekt\u00f6r veya organizasyon i\u00e7inde farkl\u0131 anlamlar ta\u015f\u0131yabilir. Bu nedenle, kullan\u0131ld\u0131\u011f\u0131 ba\u011flam\u0131 daha iyi anlamak i\u00e7in ek bilgilere ihtiya\u00e7 duyar.<\/p>\n<p>Genel olarak, &#8220;Mali Tahlil S\u00fcperviz\u00f6rl\u00fc\u011f\u00fc&#8221; ifadesi, bir organizasyonun finansal durumunu analiz etmek ve bu analizin y\u00f6netim d\u00fczeyinde g\u00f6zetimini sa\u011flamak amac\u0131yla kullan\u0131labilir. Bu rol, mali tahlil s\u00fcre\u00e7lerini y\u00f6netmek, finansal verileri yorumlamak, raporlamak ve y\u00f6netimle payla\u015fmakla ilgili olabilir.<\/p>\n<p>Mali Tahlil S\u00fcperviz\u00f6rl\u00fc\u011f\u00fc genellikle a\u015fa\u011f\u0131daki g\u00f6revleri i\u00e7erebilir:<\/p>\n<p>Finansal Raporlama: Organizasyonun finansal durumunu raporlamak, gelir tablosu, bilan\u00e7o ve nakit ak\u0131\u015f tablolar\u0131n\u0131 haz\u0131rlamak.<\/p>\n<p>Mali Analiz: Finansal verileri analiz etmek, performans g\u00f6stergelerini de\u011ferlendirmek, trendleri belirlemek ve finansal riskleri tan\u0131mlamak.[\/vc_column_text][\/vc_column_inner][vc_column_inner column_padding=&#8221;padding-4-percent&#8221; column_padding_tablet=&#8221;no-extra-padding&#8221; column_padding_phone=&#8221;no-extra-padding&#8221; column_padding_position=&#8221;all&#8221; column_element_direction_desktop=&#8221;default&#8221; column_element_spacing=&#8221;default&#8221; desktop_text_alignment=&#8221;default&#8221; tablet_text_alignment=&#8221;default&#8221; phone_text_alignment=&#8221;default&#8221; background_color_opacity=&#8221;1&#8243; background_hover_color_opacity=&#8221;1&#8243; column_backdrop_filter=&#8221;none&#8221; column_shadow=&#8221;none&#8221; column_border_radius=&#8221;none&#8221; column_link_target=&#8221;_self&#8221; overflow=&#8221;visible&#8221; gradient_direction=&#8221;left_to_right&#8221; overlay_strength=&#8221;0.3&#8243; width=&#8221;1\/2&#8243; tablet_width_inherit=&#8221;default&#8221; animation_type=&#8221;default&#8221; bg_image_animation=&#8221;none&#8221; border_type=&#8221;simple&#8221; column_border_width=&#8221;none&#8221; column_border_style=&#8221;solid&#8221;][\/vc_column_inner][\/vc_row_inner][\/vc_column][\/vc_row]\n","protected":false},"excerpt":{"rendered":"<p>[vc_row type=&#8221;in_container&#8221; full_screen_row_position=&#8221;middle&#8221; column_margin=&#8221;default&#8221; column_direction=&#8221;default&#8221; column_direction_tablet=&#8221;default&#8221; column_direction_phone=&#8221;default&#8221; scene_position=&#8221;center&#8221; text_color=&#8221;dark&#8221; text_align=&#8221;left&#8221; row_border_radius=&#8221;none&#8221; row_border_radius_applies=&#8221;bg&#8221; overflow=&#8221;visible&#8221; overlay_strength=&#8221;0.3&#8243; gradient_direction=&#8221;left_to_right&#8221; shape_divider_position=&#8221;bottom&#8221; bg_image_animation=&#8221;none&#8221;][vc_column column_padding=&#8221;no-extra-padding&#8221; column_padding_tablet=&#8221;inherit&#8221; column_padding_phone=&#8221;inherit&#8221; column_padding_position=&#8221;all&#8221; column_element_direction_desktop=&#8221;default&#8221; column_element_spacing=&#8221;default&#8221; desktop_text_alignment=&#8221;default&#8221; tablet_text_alignment=&#8221;default&#8221;&#8230;<\/p>\n","protected":false},"author":1,"featured_media":0,"parent":0,"menu_order":0,"comment_status":"closed","ping_status":"closed","template":"","meta":{"footnotes":""},"_links":{"self":[{"href":"https:\/\/yerchi.com.tr\/index.php\/wp-json\/wp\/v2\/pages\/6344"}],"collection":[{"href":"https:\/\/yerchi.com.tr\/index.php\/wp-json\/wp\/v2\/pages"}],"about":[{"href":"https:\/\/yerchi.com.tr\/index.php\/wp-json\/wp\/v2\/types\/page"}],"author":[{"embeddable":true,"href":"https:\/\/yerchi.com.tr\/index.php\/wp-json\/wp\/v2\/users\/1"}],"replies":[{"embeddable":true,"href":"https:\/\/yerchi.com.tr\/index.php\/wp-json\/wp\/v2\/comments?post=6344"}],"version-history":[{"count":2,"href":"https:\/\/yerchi.com.tr\/index.php\/wp-json\/wp\/v2\/pages\/6344\/revisions"}],"predecessor-version":[{"id":6348,"href":"https:\/\/yerchi.com.tr\/index.php\/wp-json\/wp\/v2\/pages\/6344\/revisions\/6348"}],"wp:attachment":[{"href":"https:\/\/yerchi.com.tr\/index.php\/wp-json\/wp\/v2\/media?parent=6344"}],"curies":[{"name":"wp","href":"https:\/\/api.w.org\/{rel}","templated":true}]}}