{"id":6338,"date":"2023-12-30T21:36:36","date_gmt":"2023-12-30T18:36:36","guid":{"rendered":"https:\/\/yerchi.com.tr\/?page_id=6338"},"modified":"2023-12-30T21:37:23","modified_gmt":"2023-12-30T18:37:23","slug":"devlet-destekleri-danismanligi","status":"publish","type":"page","link":"https:\/\/yerchi.com.tr\/index.php\/devlet-destekleri-danismanligi\/","title":{"rendered":"Devlet destekleri dan\u0131\u015fmanl\u0131\u011f\u0131"},"content":{"rendered":"[vc_row type=&#8221;in_container&#8221; full_screen_row_position=&#8221;middle&#8221; column_margin=&#8221;default&#8221; column_direction=&#8221;default&#8221; column_direction_tablet=&#8221;default&#8221; column_direction_phone=&#8221;default&#8221; scene_position=&#8221;center&#8221; text_color=&#8221;dark&#8221; text_align=&#8221;left&#8221; row_border_radius=&#8221;none&#8221; row_border_radius_applies=&#8221;bg&#8221; overflow=&#8221;visible&#8221; overlay_strength=&#8221;0.3&#8243; gradient_direction=&#8221;left_to_right&#8221; shape_divider_position=&#8221;bottom&#8221; bg_image_animation=&#8221;none&#8221;][vc_column column_padding=&#8221;no-extra-padding&#8221; column_padding_tablet=&#8221;inherit&#8221; column_padding_phone=&#8221;inherit&#8221; column_padding_position=&#8221;all&#8221; column_element_direction_desktop=&#8221;default&#8221; column_element_spacing=&#8221;default&#8221; desktop_text_alignment=&#8221;default&#8221; tablet_text_alignment=&#8221;default&#8221; phone_text_alignment=&#8221;default&#8221; background_color_opacity=&#8221;1&#8243; background_hover_color_opacity=&#8221;1&#8243; column_backdrop_filter=&#8221;none&#8221; column_shadow=&#8221;none&#8221; column_border_radius=&#8221;none&#8221; column_link_target=&#8221;_self&#8221; column_position=&#8221;default&#8221; gradient_direction=&#8221;left_to_right&#8221; overlay_strength=&#8221;0.3&#8243; width=&#8221;1\/1&#8243; tablet_width_inherit=&#8221;default&#8221; animation_type=&#8221;default&#8221; bg_image_animation=&#8221;none&#8221; border_type=&#8221;simple&#8221; column_border_width=&#8221;none&#8221; column_border_style=&#8221;solid&#8221;][vc_column_text]\n<p><br \/>\n[\/vc_column_text][\/vc_column][\/vc_row][vc_row type=&#8221;full_width_background&#8221; full_screen_row_position=&#8221;middle&#8221; column_margin=&#8221;default&#8221; column_direction=&#8221;default&#8221; column_direction_tablet=&#8221;default&#8221; column_direction_phone=&#8221;default&#8221; bg_color=&#8221;#ffffff&#8221; scene_position=&#8221;center&#8221; top_padding=&#8221;2%&#8221; bottom_padding=&#8221;4%&#8221; left_padding_desktop=&#8221;8%&#8221; constrain_group_2=&#8221;yes&#8221; right_padding_desktop=&#8221;8%&#8221; top_padding_tablet=&#8221;8%&#8221; constrain_group_3=&#8221;yes&#8221; bottom_padding_tablet=&#8221;8%&#8221; left_padding_phone=&#8221;0&#8243; constrain_group_6=&#8221;yes&#8221; right_padding_phone=&#8221;0&#8243; text_color=&#8221;dark&#8221; text_align=&#8221;left&#8221; row_border_radius=&#8221;none&#8221; row_border_radius_applies=&#8221;bg&#8221; overflow=&#8221;visible&#8221; overlay_strength=&#8221;0.3&#8243; gradient_direction=&#8221;left_to_right&#8221; shape_divider_position=&#8221;bottom&#8221; bg_image_animation=&#8221;none&#8221; shape_type=&#8221;&#8221;][vc_column column_padding=&#8221;no-extra-padding&#8221; column_padding_tablet=&#8221;inherit&#8221; column_padding_phone=&#8221;inherit&#8221; column_padding_position=&#8221;all&#8221; column_element_direction_desktop=&#8221;default&#8221; column_element_spacing=&#8221;default&#8221; desktop_text_alignment=&#8221;default&#8221; tablet_text_alignment=&#8221;default&#8221; phone_text_alignment=&#8221;default&#8221; background_color_opacity=&#8221;1&#8243; background_hover_color_opacity=&#8221;1&#8243; column_backdrop_filter=&#8221;none&#8221; column_shadow=&#8221;none&#8221; column_border_radius=&#8221;none&#8221; column_link_target=&#8221;_self&#8221; column_position=&#8221;default&#8221; gradient_direction=&#8221;left_to_right&#8221; overlay_strength=&#8221;0.3&#8243; width=&#8221;1\/1&#8243; tablet_width_inherit=&#8221;default&#8221; animation_type=&#8221;default&#8221; bg_image_animation=&#8221;none&#8221; border_type=&#8221;simple&#8221; column_border_width=&#8221;none&#8221; column_border_style=&#8221;solid&#8221;][vc_row_inner equal_height=&#8221;yes&#8221; content_placement=&#8221;middle&#8221; column_margin=&#8221;90px&#8221; column_direction=&#8221;default&#8221; column_direction_tablet=&#8221;column_reverse&#8221; column_direction_phone=&#8221;column_reverse&#8221; text_align=&#8221;left&#8221; row_position=&#8221;default&#8221; row_position_tablet=&#8221;inherit&#8221; row_position_phone=&#8221;inherit&#8221; overflow=&#8221;visible&#8221; pointer_events=&#8221;all&#8221;][vc_column_inner column_padding=&#8221;padding-4-percent&#8221; column_padding_tablet=&#8221;inherit&#8221; column_padding_phone=&#8221;no-extra-padding&#8221; column_padding_position=&#8221;all&#8221; top_margin=&#8221;6%&#8221; top_margin_tablet=&#8221;0&#8243; top_margin_phone=&#8221;4%&#8221; column_element_direction_desktop=&#8221;default&#8221; column_element_spacing=&#8221;default&#8221; desktop_text_alignment=&#8221;default&#8221; tablet_text_alignment=&#8221;default&#8221; phone_text_alignment=&#8221;default&#8221; background_color_opacity=&#8221;1&#8243; background_hover_color_opacity=&#8221;1&#8243; column_backdrop_filter=&#8221;none&#8221; column_shadow=&#8221;none&#8221; column_border_radius=&#8221;none&#8221; column_link_target=&#8221;_self&#8221; overflow=&#8221;visible&#8221; gradient_direction=&#8221;radial&#8221; overlay_strength=&#8221;0.3&#8243; width=&#8221;1\/2&#8243; tablet_width_inherit=&#8221;default&#8221; animation_type=&#8221;default&#8221; bg_image_animation=&#8221;none&#8221; parallax_bg=&#8221;true&#8221; parallax_bg_speed=&#8221;very_subtle&#8221; border_type=&#8221;simple&#8221; column_border_width=&#8221;none&#8221; column_border_style=&#8221;solid&#8221;][split_line_heading animation_type=&#8221;line-reveal-by-space&#8221; font_style=&#8221;h2&#8243; line_reveal_by_space_text_effect=&#8221;default&#8221; stagger_animation=&#8221;true&#8221; content_alignment=&#8221;default&#8221; mobile_content_alignment=&#8221;inherit&#8221; link_target=&#8221;_self&#8221; text_content=&#8221;Devlet destekleri dan\u0131\u015fmanl\u0131\u011f\u0131&#8221; max_width=&#8221;550&#8243;][\/split_line_heading][vc_column_text max_width=&#8221;550&#8243;]bir i\u015fletmenin veya giri\u015fimin, devlet taraf\u0131ndan sa\u011flanan \u00e7e\u015fitli destek ve te\u015fviklerden en iyi \u015fekilde faydalanabilmesi i\u00e7in uzmanl\u0131k sa\u011flayan bir hizmettir. Bu dan\u0131\u015fmanl\u0131k hizmeti, i\u015fletmelere, yerel, ulusal veya uluslararas\u0131 d\u00fczeyde sunulan \u00e7e\u015fitli h\u00fck\u00fcmet destek programlar\u0131 hakk\u0131nda bilgi verir ve bu programlara ba\u015fvuru s\u00fcre\u00e7lerinde rehberlik eder. Temel ama\u00e7, i\u015fletmelerin maliyetlerini azaltmak, rekabet avantaj\u0131 elde etmek, b\u00fcy\u00fcmeyi te\u015fvik etmek ve s\u00fcrd\u00fcr\u00fclebilirliklerini art\u0131rmak i\u00e7in devlet taraf\u0131ndan sa\u011flanan avantajlar\u0131 en etkili \u015fekilde kullanmalar\u0131n\u0131 sa\u011flamakt\u0131r.<\/p>\n<p>Devlet destekleri genellikle \u015funlar\u0131 i\u00e7erebilir:<\/p>\n<p>Mali Te\u015fvikler: Vergi indirimleri, vergi istisnalar\u0131, kredi imkanlar\u0131, faiz destekleri gibi finansal te\u015fvikler.<\/p>\n<p>E\u011fitim ve Dan\u0131\u015fmanl\u0131k Hizmetleri: \u0130\u015fletmelere y\u00f6nelik e\u011fitim programlar\u0131, dan\u0131\u015fmanl\u0131k hizmetleri, i\u015f geli\u015ftirme planlar\u0131 olu\u015fturma gibi destekler.<\/p>\n<p>Ara\u015ft\u0131rma ve Geli\u015ftirme (Ar-Ge) Te\u015fvikleri: \u0130novasyonu te\u015fvik eden, Ar-Ge faaliyetlerini destekleyen devlet destekleri.<\/p>\n<p>\u0130hracat ve Uluslararas\u0131 \u0130\u015f Yapma Deste\u011fi: \u0130hracat\u0131 te\u015fvik eden, yurtd\u0131\u015f\u0131na a\u00e7\u0131lmay\u0131 destekleyen programlar.[\/vc_column_text][\/vc_column_inner][vc_column_inner column_padding=&#8221;padding-4-percent&#8221; column_padding_tablet=&#8221;no-extra-padding&#8221; column_padding_phone=&#8221;no-extra-padding&#8221; column_padding_position=&#8221;all&#8221; column_element_direction_desktop=&#8221;default&#8221; column_element_spacing=&#8221;default&#8221; desktop_text_alignment=&#8221;default&#8221; tablet_text_alignment=&#8221;default&#8221; phone_text_alignment=&#8221;default&#8221; background_color_opacity=&#8221;1&#8243; background_hover_color_opacity=&#8221;1&#8243; column_backdrop_filter=&#8221;none&#8221; column_shadow=&#8221;none&#8221; column_border_radius=&#8221;none&#8221; column_link_target=&#8221;_self&#8221; overflow=&#8221;visible&#8221; gradient_direction=&#8221;left_to_right&#8221; overlay_strength=&#8221;0.3&#8243; width=&#8221;1\/2&#8243; tablet_width_inherit=&#8221;default&#8221; animation_type=&#8221;default&#8221; bg_image_animation=&#8221;none&#8221; border_type=&#8221;simple&#8221; column_border_width=&#8221;none&#8221; column_border_style=&#8221;solid&#8221;][\/vc_column_inner][\/vc_row_inner][\/vc_column][\/vc_row]\n","protected":false},"excerpt":{"rendered":"<p>[vc_row type=&#8221;in_container&#8221; full_screen_row_position=&#8221;middle&#8221; column_margin=&#8221;default&#8221; column_direction=&#8221;default&#8221; column_direction_tablet=&#8221;default&#8221; column_direction_phone=&#8221;default&#8221; scene_position=&#8221;center&#8221; text_color=&#8221;dark&#8221; text_align=&#8221;left&#8221; row_border_radius=&#8221;none&#8221; row_border_radius_applies=&#8221;bg&#8221; overflow=&#8221;visible&#8221; overlay_strength=&#8221;0.3&#8243; gradient_direction=&#8221;left_to_right&#8221; shape_divider_position=&#8221;bottom&#8221; bg_image_animation=&#8221;none&#8221;][vc_column column_padding=&#8221;no-extra-padding&#8221; column_padding_tablet=&#8221;inherit&#8221; column_padding_phone=&#8221;inherit&#8221; column_padding_position=&#8221;all&#8221; column_element_direction_desktop=&#8221;default&#8221; column_element_spacing=&#8221;default&#8221; desktop_text_alignment=&#8221;default&#8221; tablet_text_alignment=&#8221;default&#8221;&#8230;<\/p>\n","protected":false},"author":1,"featured_media":0,"parent":0,"menu_order":0,"comment_status":"closed","ping_status":"closed","template":"","meta":{"footnotes":""},"_links":{"self":[{"href":"https:\/\/yerchi.com.tr\/index.php\/wp-json\/wp\/v2\/pages\/6338"}],"collection":[{"href":"https:\/\/yerchi.com.tr\/index.php\/wp-json\/wp\/v2\/pages"}],"about":[{"href":"https:\/\/yerchi.com.tr\/index.php\/wp-json\/wp\/v2\/types\/page"}],"author":[{"embeddable":true,"href":"https:\/\/yerchi.com.tr\/index.php\/wp-json\/wp\/v2\/users\/1"}],"replies":[{"embeddable":true,"href":"https:\/\/yerchi.com.tr\/index.php\/wp-json\/wp\/v2\/comments?post=6338"}],"version-history":[{"count":2,"href":"https:\/\/yerchi.com.tr\/index.php\/wp-json\/wp\/v2\/pages\/6338\/revisions"}],"predecessor-version":[{"id":6340,"href":"https:\/\/yerchi.com.tr\/index.php\/wp-json\/wp\/v2\/pages\/6338\/revisions\/6340"}],"wp:attachment":[{"href":"https:\/\/yerchi.com.tr\/index.php\/wp-json\/wp\/v2\/media?parent=6338"}],"curies":[{"name":"wp","href":"https:\/\/api.w.org\/{rel}","templated":true}]}}